{"id":35289,"date":"2025-02-19T15:14:30","date_gmt":"2025-02-19T20:14:30","guid":{"rendered":"https:\/\/preview.aeeconsulting-ec.com\/aeeconsulting\/?page_id=35289"},"modified":"2026-02-04T12:13:53","modified_gmt":"2026-02-04T17:13:53","slug":"nuestro-equipo","status":"publish","type":"page","link":"https:\/\/www.aeeconsulting-ec.com\/?page_id=35289","title":{"rendered":"Nuestro Equipo"},"content":{"rendered":"\t\t<div data-elementor-type=\"wp-page\" data-elementor-id=\"35289\" class=\"elementor elementor-35289\">\n\t\t\t\t<div class=\"elementor-element elementor-element-e1f8bdc e-flex e-con-boxed e-con e-parent\" data-id=\"e1f8bdc\" data-element_type=\"container\" data-settings=\"{&quot;background_background&quot;:&quot;classic&quot;}\">\n\t\t\t\t\t<div class=\"e-con-inner\">\n\t\t\t\t<div class=\"elementor-element elementor-element-19ed779 elementor-widget elementor-widget-heading\" data-id=\"19ed779\" data-element_type=\"widget\" data-widget_type=\"heading.default\">\n\t\t\t\t<div class=\"elementor-widget-container\">\n\t\t\t\t\t<h2 class=\"elementor-heading-title elementor-size-default\">Nuestro equipo<\/h2>\t\t\t\t<\/div>\n\t\t\t\t<\/div>\n\t\t\t\t<div class=\"elementor-element elementor-element-2c4ca6e elementor-widget-divider--view-line elementor-widget elementor-widget-divider\" data-id=\"2c4ca6e\" data-element_type=\"widget\" data-widget_type=\"divider.default\">\n\t\t\t\t<div class=\"elementor-widget-container\">\n\t\t\t\t\t\t\t<div class=\"elementor-divider\">\n\t\t\t<span class=\"elementor-divider-separator\">\n\t\t\t\t\t\t<\/span>\n\t\t<\/div>\n\t\t\t\t\t\t<\/div>\n\t\t\t\t<\/div>\n\t\t\t\t<div class=\"elementor-element elementor-element-690552e elementor-widget elementor-widget-text-editor\" data-id=\"690552e\" data-element_type=\"widget\" data-widget_type=\"text-editor.default\">\n\t\t\t\t<div class=\"elementor-widget-container\">\n\t\t\t\t\t\t\t\t\t<p style=\"text-align: center;\">Somos un equipo de profesionales comprometidos con la excelencia, la innovaci\u00f3n y el servicio. Transformamos desaf\u00edos en soluciones efectivas que generan impacto y valor. Fomentamos un entorno colaborativo donde cada talento aporta su experiencia para alcanzar resultados extraordinarios.<\/p>\t\t\t\t\t\t\t\t<\/div>\n\t\t\t\t<\/div>\n\t\t\t\t\t<\/div>\n\t\t\t\t<\/div>\n\t\t<div class=\"elementor-element elementor-element-477607d e-flex e-con-boxed e-con e-parent\" data-id=\"477607d\" data-element_type=\"container\">\n\t\t\t\t\t<div class=\"e-con-inner\">\n\t\t<div class=\"elementor-element elementor-element-d27f50f e-grid e-con-full e-con e-child\" data-id=\"d27f50f\" data-element_type=\"container\">\n\t\t\t\t<div class=\"elementor-element elementor-element-fa8bb04 elementor-widget elementor-widget-spacer\" data-id=\"fa8bb04\" data-element_type=\"widget\" data-widget_type=\"spacer.default\">\n\t\t\t\t<div class=\"elementor-widget-container\">\n\t\t\t\t\t\t\t<div class=\"elementor-spacer\">\n\t\t\t<div class=\"elementor-spacer-inner\"><\/div>\n\t\t<\/div>\n\t\t\t\t\t\t<\/div>\n\t\t\t\t<\/div>\n\t\t<div class=\"elementor-element elementor-element-cfb0de5 e-con-full e-transform e-flex e-con e-child\" data-id=\"cfb0de5\" data-element_type=\"container\" data-settings=\"{&quot;_transform_scale_effect_hover&quot;:{&quot;unit&quot;:&quot;px&quot;,&quot;size&quot;:1.05,&quot;sizes&quot;:[]},&quot;_transform_scale_effect_hover_laptop&quot;:{&quot;unit&quot;:&quot;px&quot;,&quot;size&quot;:&quot;&quot;,&quot;sizes&quot;:[]},&quot;_transform_scale_effect_hover_tablet&quot;:{&quot;unit&quot;:&quot;px&quot;,&quot;size&quot;:&quot;&quot;,&quot;sizes&quot;:[]},&quot;_transform_scale_effect_hover_mobile&quot;:{&quot;unit&quot;:&quot;px&quot;,&quot;size&quot;:&quot;&quot;,&quot;sizes&quot;:[]}}\">\n\t\t\t\t<div class=\"elementor-element elementor-element-6a9748a elementor-widget elementor-widget-image\" data-id=\"6a9748a\" data-element_type=\"widget\" data-widget_type=\"image.default\">\n\t\t\t\t<div class=\"elementor-widget-container\">\n\t\t\t\t\t\t\t\t\t\t\t\t\t\t\t<img fetchpriority=\"high\" decoding=\"async\" width=\"790\" height=\"768\" src=\"https:\/\/www.aeeconsulting-ec.com\/wp-content\/uploads\/2025\/03\/JA-1024x995.png\" class=\"attachment-large size-large wp-image-35568\" alt=\"\" srcset=\"https:\/\/www.aeeconsulting-ec.com\/wp-content\/uploads\/2025\/03\/JA-1024x995.png 1024w, https:\/\/www.aeeconsulting-ec.com\/wp-content\/uploads\/2025\/03\/JA-300x292.png 300w, https:\/\/www.aeeconsulting-ec.com\/wp-content\/uploads\/2025\/03\/JA-768x746.png 768w, https:\/\/www.aeeconsulting-ec.com\/wp-content\/uploads\/2025\/03\/JA.png 1031w\" sizes=\"(max-width: 790px) 100vw, 790px\" \/>\t\t\t\t\t\t\t\t\t\t\t\t\t\t\t<\/div>\n\t\t\t\t<\/div>\n\t\t\t\t<div class=\"elementor-element elementor-element-4a14d33 elementor-widget elementor-widget-heading\" data-id=\"4a14d33\" data-element_type=\"widget\" data-widget_type=\"heading.default\">\n\t\t\t\t<div class=\"elementor-widget-container\">\n\t\t\t\t\t<h2 class=\"elementor-heading-title elementor-size-default\">Jorge Arias Erazo<\/h2>\t\t\t\t<\/div>\n\t\t\t\t<\/div>\n\t\t\t\t<div class=\"elementor-element elementor-element-a49a9e1 elementor-widget elementor-widget-text-editor\" data-id=\"a49a9e1\" data-element_type=\"widget\" data-widget_type=\"text-editor.default\">\n\t\t\t\t<div class=\"elementor-widget-container\">\n\t\t\t\t\t\t\t\t\t<p>Experto en contrataci\u00f3n p\u00fablica, adquisiciones y desarrollo de proyectos, con una s\u00f3lida trayectoria en organismos multilaterales y entidades del sector p\u00fablico y privado. Actualmente, lidera <strong>Asesor\u00eda Empresarial del Ecuador (AEE Consulting)<\/strong>, una firma especializada en contrataci\u00f3n p\u00fablica, derecho administrativo, gesti\u00f3n empresarial y cumplimiento normativo.\u00a0<\/p>\t\t\t\t\t\t\t\t<\/div>\n\t\t\t\t<\/div>\n\t\t\t\t<div class=\"elementor-element elementor-element-6d46eef elementor-align-center elementor-widget elementor-widget-button\" data-id=\"6d46eef\" data-element_type=\"widget\" data-widget_type=\"button.default\">\n\t\t\t\t<div class=\"elementor-widget-container\">\n\t\t\t\t\t\t\t\t\t<div class=\"elementor-button-wrapper\">\n\t\t\t\t\t<a class=\"elementor-button elementor-button-link elementor-size-sm\" href=\"https:\/\/www.aeeconsulting-ec.com\/?p=35312\">\n\t\t\t\t\t\t<span class=\"elementor-button-content-wrapper\">\n\t\t\t\t\t\t\t\t\t<span class=\"elementor-button-text\">Ver Perfil<\/span>\n\t\t\t\t\t<\/span>\n\t\t\t\t\t<\/a>\n\t\t\t\t<\/div>\n\t\t\t\t\t\t\t\t<\/div>\n\t\t\t\t<\/div>\n\t\t\t\t<\/div>\n\t\t\t\t<\/div>\n\t\t\t\t\t<\/div>\n\t\t\t\t<\/div>\n\t\t<div class=\"elementor-element elementor-element-423ed8d elementor-hidden-desktop elementor-hidden-laptop elementor-hidden-tablet elementor-hidden-mobile e-flex e-con-boxed e-con e-parent\" data-id=\"423ed8d\" data-element_type=\"container\">\n\t\t\t\t\t<div class=\"e-con-inner\">\n\t\t<div class=\"elementor-element elementor-element-f4fac1f e-grid e-con-full e-con e-child\" data-id=\"f4fac1f\" data-element_type=\"container\">\n\t\t<div class=\"elementor-element elementor-element-eecd21d e-con-full e-transform e-flex e-con e-child\" data-id=\"eecd21d\" data-element_type=\"container\" data-settings=\"{&quot;_transform_scale_effect_hover&quot;:{&quot;unit&quot;:&quot;px&quot;,&quot;size&quot;:1.05,&quot;sizes&quot;:[]},&quot;_transform_scale_effect_hover_laptop&quot;:{&quot;unit&quot;:&quot;px&quot;,&quot;size&quot;:&quot;&quot;,&quot;sizes&quot;:[]},&quot;_transform_scale_effect_hover_tablet&quot;:{&quot;unit&quot;:&quot;px&quot;,&quot;size&quot;:&quot;&quot;,&quot;sizes&quot;:[]},&quot;_transform_scale_effect_hover_mobile&quot;:{&quot;unit&quot;:&quot;px&quot;,&quot;size&quot;:&quot;&quot;,&quot;sizes&quot;:[]}}\">\n\t\t\t\t<div class=\"elementor-element elementor-element-afaaa16 elementor-widget elementor-widget-image\" data-id=\"afaaa16\" data-element_type=\"widget\" data-widget_type=\"image.default\">\n\t\t\t\t<div class=\"elementor-widget-container\">\n\t\t\t\t\t\t\t\t\t\t\t\t\t\t\t<img fetchpriority=\"high\" decoding=\"async\" width=\"790\" height=\"768\" src=\"https:\/\/www.aeeconsulting-ec.com\/wp-content\/uploads\/2025\/03\/JA-1024x995.png\" class=\"attachment-large size-large wp-image-35568\" alt=\"\" srcset=\"https:\/\/www.aeeconsulting-ec.com\/wp-content\/uploads\/2025\/03\/JA-1024x995.png 1024w, https:\/\/www.aeeconsulting-ec.com\/wp-content\/uploads\/2025\/03\/JA-300x292.png 300w, https:\/\/www.aeeconsulting-ec.com\/wp-content\/uploads\/2025\/03\/JA-768x746.png 768w, https:\/\/www.aeeconsulting-ec.com\/wp-content\/uploads\/2025\/03\/JA.png 1031w\" sizes=\"(max-width: 790px) 100vw, 790px\" \/>\t\t\t\t\t\t\t\t\t\t\t\t\t\t\t<\/div>\n\t\t\t\t<\/div>\n\t\t\t\t<div class=\"elementor-element elementor-element-bf8d4bc elementor-widget elementor-widget-heading\" data-id=\"bf8d4bc\" data-element_type=\"widget\" data-widget_type=\"heading.default\">\n\t\t\t\t<div class=\"elementor-widget-container\">\n\t\t\t\t\t<h2 class=\"elementor-heading-title elementor-size-default\">Jorge Arias Erazo<\/h2>\t\t\t\t<\/div>\n\t\t\t\t<\/div>\n\t\t\t\t<div class=\"elementor-element elementor-element-eed9994 elementor-widget elementor-widget-text-editor\" data-id=\"eed9994\" data-element_type=\"widget\" data-widget_type=\"text-editor.default\">\n\t\t\t\t<div class=\"elementor-widget-container\">\n\t\t\t\t\t\t\t\t\t<p>Experto en contrataci\u00f3n p\u00fablica, adquisiciones y desarrollo de proyectos, con una s\u00f3lida trayectoria en organismos multilaterales y entidades del sector p\u00fablico y privado. Actualmente, lidera <strong>Asesor\u00eda Empresarial del Ecuador (AEE Consulting)<\/strong>, una firma especializada en contrataci\u00f3n p\u00fablica, derecho administrativo, gesti\u00f3n empresarial y cumplimiento normativo.\u00a0<\/p>\t\t\t\t\t\t\t\t<\/div>\n\t\t\t\t<\/div>\n\t\t\t\t<div class=\"elementor-element elementor-element-b9af3cd elementor-align-center elementor-widget elementor-widget-button\" data-id=\"b9af3cd\" data-element_type=\"widget\" data-widget_type=\"button.default\">\n\t\t\t\t<div class=\"elementor-widget-container\">\n\t\t\t\t\t\t\t\t\t<div class=\"elementor-button-wrapper\">\n\t\t\t\t\t<a class=\"elementor-button elementor-button-link elementor-size-sm\" href=\"https:\/\/www.aeeconsulting-ec.com\/?p=35312\">\n\t\t\t\t\t\t<span class=\"elementor-button-content-wrapper\">\n\t\t\t\t\t\t\t\t\t<span class=\"elementor-button-text\">Ver Perfil<\/span>\n\t\t\t\t\t<\/span>\n\t\t\t\t\t<\/a>\n\t\t\t\t<\/div>\n\t\t\t\t\t\t\t\t<\/div>\n\t\t\t\t<\/div>\n\t\t\t\t<\/div>\n\t\t<div class=\"elementor-element elementor-element-0006425 e-con-full e-transform elementor-hidden-desktop elementor-hidden-laptop elementor-hidden-tablet elementor-hidden-mobile e-flex e-con e-child\" data-id=\"0006425\" data-element_type=\"container\" data-settings=\"{&quot;_transform_scale_effect_hover&quot;:{&quot;unit&quot;:&quot;px&quot;,&quot;size&quot;:1.05,&quot;sizes&quot;:[]},&quot;_transform_scale_effect_hover_laptop&quot;:{&quot;unit&quot;:&quot;px&quot;,&quot;size&quot;:&quot;&quot;,&quot;sizes&quot;:[]},&quot;_transform_scale_effect_hover_tablet&quot;:{&quot;unit&quot;:&quot;px&quot;,&quot;size&quot;:&quot;&quot;,&quot;sizes&quot;:[]},&quot;_transform_scale_effect_hover_mobile&quot;:{&quot;unit&quot;:&quot;px&quot;,&quot;size&quot;:&quot;&quot;,&quot;sizes&quot;:[]}}\">\n\t\t\t\t<div class=\"elementor-element elementor-element-9e4bc14 elementor-widget elementor-widget-image\" data-id=\"9e4bc14\" data-element_type=\"widget\" data-widget_type=\"image.default\">\n\t\t\t\t<div class=\"elementor-widget-container\">\n\t\t\t\t\t\t\t\t\t\t\t\t\t\t\t<img decoding=\"async\" width=\"790\" height=\"768\" src=\"https:\/\/www.aeeconsulting-ec.com\/wp-content\/uploads\/2025\/03\/MB-1024x995.png\" class=\"attachment-large size-large wp-image-35572\" alt=\"\" srcset=\"https:\/\/www.aeeconsulting-ec.com\/wp-content\/uploads\/2025\/03\/MB-1024x995.png 1024w, https:\/\/www.aeeconsulting-ec.com\/wp-content\/uploads\/2025\/03\/MB-300x292.png 300w, https:\/\/www.aeeconsulting-ec.com\/wp-content\/uploads\/2025\/03\/MB-768x746.png 768w, https:\/\/www.aeeconsulting-ec.com\/wp-content\/uploads\/2025\/03\/MB.png 1031w\" sizes=\"(max-width: 790px) 100vw, 790px\" \/>\t\t\t\t\t\t\t\t\t\t\t\t\t\t\t<\/div>\n\t\t\t\t<\/div>\n\t\t\t\t<div class=\"elementor-element elementor-element-96df1f9 elementor-widget elementor-widget-heading\" data-id=\"96df1f9\" data-element_type=\"widget\" data-widget_type=\"heading.default\">\n\t\t\t\t<div class=\"elementor-widget-container\">\n\t\t\t\t\t<h2 class=\"elementor-heading-title elementor-size-default\">Martha Benavides Mej\u00eda<\/h2>\t\t\t\t<\/div>\n\t\t\t\t<\/div>\n\t\t\t\t<div class=\"elementor-element elementor-element-14c5f9a elementor-widget elementor-widget-text-editor\" data-id=\"14c5f9a\" data-element_type=\"widget\" data-widget_type=\"text-editor.default\">\n\t\t\t\t<div class=\"elementor-widget-container\">\n\t\t\t\t\t\t\t\t\t<p>Auditora y especialista en gesti\u00f3n p\u00fablica con m\u00e1s de 23 a\u00f1os de experiencia en control de recursos p\u00fablicos, contrataci\u00f3n estatal y evaluaci\u00f3n de procesos en la industria hidrocarbur\u00edfera. Su enfoque en la transparencia, la optimizaci\u00f3n de procesos y la capacitaci\u00f3n del talento humano la posicionan como un referente en auditor\u00eda y gesti\u00f3n de calidad en Ecuador.<\/p>\t\t\t\t\t\t\t\t<\/div>\n\t\t\t\t<\/div>\n\t\t\t\t<div class=\"elementor-element elementor-element-74f7944 elementor-align-center elementor-widget elementor-widget-button\" data-id=\"74f7944\" data-element_type=\"widget\" data-widget_type=\"button.default\">\n\t\t\t\t<div class=\"elementor-widget-container\">\n\t\t\t\t\t\t\t\t\t<div class=\"elementor-button-wrapper\">\n\t\t\t\t\t<a class=\"elementor-button elementor-button-link elementor-size-sm\" href=\"https:\/\/www.aeeconsulting-ec.com\/?p=35497\">\n\t\t\t\t\t\t<span class=\"elementor-button-content-wrapper\">\n\t\t\t\t\t\t\t\t\t<span class=\"elementor-button-text\">Ver Perfil<\/span>\n\t\t\t\t\t<\/span>\n\t\t\t\t\t<\/a>\n\t\t\t\t<\/div>\n\t\t\t\t\t\t\t\t<\/div>\n\t\t\t\t<\/div>\n\t\t\t\t<\/div>\n\t\t<div class=\"elementor-element elementor-element-ffa3353 e-con-full e-transform elementor-hidden-desktop elementor-hidden-laptop elementor-hidden-tablet elementor-hidden-mobile e-flex e-con e-child\" data-id=\"ffa3353\" data-element_type=\"container\" data-settings=\"{&quot;_transform_scale_effect_hover&quot;:{&quot;unit&quot;:&quot;px&quot;,&quot;size&quot;:1.05,&quot;sizes&quot;:[]},&quot;_transform_scale_effect_hover_laptop&quot;:{&quot;unit&quot;:&quot;px&quot;,&quot;size&quot;:&quot;&quot;,&quot;sizes&quot;:[]},&quot;_transform_scale_effect_hover_tablet&quot;:{&quot;unit&quot;:&quot;px&quot;,&quot;size&quot;:&quot;&quot;,&quot;sizes&quot;:[]},&quot;_transform_scale_effect_hover_mobile&quot;:{&quot;unit&quot;:&quot;px&quot;,&quot;size&quot;:&quot;&quot;,&quot;sizes&quot;:[]}}\">\n\t\t\t\t<div class=\"elementor-element elementor-element-a529efc elementor-widget elementor-widget-image\" data-id=\"a529efc\" data-element_type=\"widget\" data-widget_type=\"image.default\">\n\t\t\t\t<div class=\"elementor-widget-container\">\n\t\t\t\t\t\t\t\t\t\t\t\t\t\t\t<img decoding=\"async\" width=\"790\" height=\"768\" src=\"https:\/\/www.aeeconsulting-ec.com\/wp-content\/uploads\/2025\/03\/AC-1024x995.png\" class=\"attachment-large size-large wp-image-35576\" alt=\"\" srcset=\"https:\/\/www.aeeconsulting-ec.com\/wp-content\/uploads\/2025\/03\/AC-1024x995.png 1024w, https:\/\/www.aeeconsulting-ec.com\/wp-content\/uploads\/2025\/03\/AC-300x292.png 300w, https:\/\/www.aeeconsulting-ec.com\/wp-content\/uploads\/2025\/03\/AC-768x746.png 768w, https:\/\/www.aeeconsulting-ec.com\/wp-content\/uploads\/2025\/03\/AC.png 1031w\" sizes=\"(max-width: 790px) 100vw, 790px\" \/>\t\t\t\t\t\t\t\t\t\t\t\t\t\t\t<\/div>\n\t\t\t\t<\/div>\n\t\t\t\t<div class=\"elementor-element elementor-element-857cad4 elementor-widget elementor-widget-heading\" data-id=\"857cad4\" data-element_type=\"widget\" data-widget_type=\"heading.default\">\n\t\t\t\t<div class=\"elementor-widget-container\">\n\t\t\t\t\t<h2 class=\"elementor-heading-title elementor-size-default\">Ana Cuvi Barahona<\/h2>\t\t\t\t<\/div>\n\t\t\t\t<\/div>\n\t\t\t\t<div class=\"elementor-element elementor-element-bb8237c elementor-widget elementor-widget-text-editor\" data-id=\"bb8237c\" data-element_type=\"widget\" data-widget_type=\"text-editor.default\">\n\t\t\t\t<div class=\"elementor-widget-container\">\n\t\t\t\t\t\t\t\t\t<p>Ana Cuvi es una abogada y asesora jur\u00eddica con una s\u00f3lida trayectoria en el \u00e1mbito p\u00fablico y privado, especializada en derecho administrativo, constitucional y contrataci\u00f3n p\u00fablica. Su vasta experiencia en resoluci\u00f3n de conflictos laborales y asesor\u00eda jur\u00eddica en instituciones p\u00fablicas la posiciona como una referente en su campo. Con un compromiso claro hacia la mejora de los procesos judiciales y administrativos, Ana ha contribuido al desarrollo y fortalecimiento del marco normativo en Ecuador.<\/p>\t\t\t\t\t\t\t\t<\/div>\n\t\t\t\t<\/div>\n\t\t\t\t<div class=\"elementor-element elementor-element-54570bc elementor-align-center elementor-widget elementor-widget-button\" data-id=\"54570bc\" data-element_type=\"widget\" data-widget_type=\"button.default\">\n\t\t\t\t<div class=\"elementor-widget-container\">\n\t\t\t\t\t\t\t\t\t<div class=\"elementor-button-wrapper\">\n\t\t\t\t\t<a class=\"elementor-button elementor-button-link elementor-size-sm\" href=\"https:\/\/preview.aeeconsulting-ec.com\/aeeconsulting\/jorge-arias-erazo-3\/\">\n\t\t\t\t\t\t<span class=\"elementor-button-content-wrapper\">\n\t\t\t\t\t\t\t\t\t<span class=\"elementor-button-text\">Ver Perfil<\/span>\n\t\t\t\t\t<\/span>\n\t\t\t\t\t<\/a>\n\t\t\t\t<\/div>\n\t\t\t\t\t\t\t\t<\/div>\n\t\t\t\t<\/div>\n\t\t\t\t<\/div>\n\t\t<div class=\"elementor-element elementor-element-60754d1 e-con-full e-transform elementor-hidden-desktop elementor-hidden-laptop elementor-hidden-tablet elementor-hidden-mobile e-flex e-con e-child\" data-id=\"60754d1\" data-element_type=\"container\" data-settings=\"{&quot;_transform_scale_effect_hover&quot;:{&quot;unit&quot;:&quot;px&quot;,&quot;size&quot;:1.05,&quot;sizes&quot;:[]},&quot;_transform_scale_effect_hover_laptop&quot;:{&quot;unit&quot;:&quot;px&quot;,&quot;size&quot;:&quot;&quot;,&quot;sizes&quot;:[]},&quot;_transform_scale_effect_hover_tablet&quot;:{&quot;unit&quot;:&quot;px&quot;,&quot;size&quot;:&quot;&quot;,&quot;sizes&quot;:[]},&quot;_transform_scale_effect_hover_mobile&quot;:{&quot;unit&quot;:&quot;px&quot;,&quot;size&quot;:&quot;&quot;,&quot;sizes&quot;:[]}}\">\n\t\t\t\t<div class=\"elementor-element elementor-element-ad08d53 elementor-widget elementor-widget-image\" data-id=\"ad08d53\" data-element_type=\"widget\" data-widget_type=\"image.default\">\n\t\t\t\t<div class=\"elementor-widget-container\">\n\t\t\t\t\t\t\t\t\t\t\t\t\t\t\t<img loading=\"lazy\" decoding=\"async\" width=\"790\" height=\"768\" src=\"https:\/\/www.aeeconsulting-ec.com\/wp-content\/uploads\/2025\/03\/AP-1024x995.png\" class=\"attachment-large size-large wp-image-35574\" alt=\"\" srcset=\"https:\/\/www.aeeconsulting-ec.com\/wp-content\/uploads\/2025\/03\/AP-1024x995.png 1024w, https:\/\/www.aeeconsulting-ec.com\/wp-content\/uploads\/2025\/03\/AP-300x292.png 300w, https:\/\/www.aeeconsulting-ec.com\/wp-content\/uploads\/2025\/03\/AP-768x746.png 768w, https:\/\/www.aeeconsulting-ec.com\/wp-content\/uploads\/2025\/03\/AP.png 1031w\" sizes=\"(max-width: 790px) 100vw, 790px\" \/>\t\t\t\t\t\t\t\t\t\t\t\t\t\t\t<\/div>\n\t\t\t\t<\/div>\n\t\t\t\t<div class=\"elementor-element elementor-element-b518344 elementor-widget elementor-widget-heading\" data-id=\"b518344\" data-element_type=\"widget\" data-widget_type=\"heading.default\">\n\t\t\t\t<div class=\"elementor-widget-container\">\n\t\t\t\t\t<h2 class=\"elementor-heading-title elementor-size-default\">Armin Pazmi\u00f1o Silva<\/h2>\t\t\t\t<\/div>\n\t\t\t\t<\/div>\n\t\t\t\t<div class=\"elementor-element elementor-element-a93cdac elementor-widget elementor-widget-text-editor\" data-id=\"a93cdac\" data-element_type=\"widget\" data-widget_type=\"text-editor.default\">\n\t\t\t\t<div class=\"elementor-widget-container\">\n\t\t\t\t\t\t\t\t\t<p>Profesional con amplia experiencia en administraci\u00f3n y gesti\u00f3n de proyectos, con un enfoque en desarrollo econ\u00f3mico local y fortalecimiento institucional. Ha liderado proyectos en cooperaci\u00f3n internacional. Su especializaci\u00f3n en normas ISO lo posiciona como un experto en cumplimiento, calidad y gesti\u00f3n de riesgos, contribuyendo a la gobernanza corporativa y la eficiencia en el sector energ\u00e9tico.<\/p>\t\t\t\t\t\t\t\t<\/div>\n\t\t\t\t<\/div>\n\t\t\t\t<div class=\"elementor-element elementor-element-76b020f elementor-align-center elementor-widget elementor-widget-button\" data-id=\"76b020f\" data-element_type=\"widget\" data-widget_type=\"button.default\">\n\t\t\t\t<div class=\"elementor-widget-container\">\n\t\t\t\t\t\t\t\t\t<div class=\"elementor-button-wrapper\">\n\t\t\t\t\t<a class=\"elementor-button elementor-button-link elementor-size-sm\" href=\"https:\/\/www.aeeconsulting-ec.com\/?p=35495\">\n\t\t\t\t\t\t<span class=\"elementor-button-content-wrapper\">\n\t\t\t\t\t\t\t\t\t<span class=\"elementor-button-text\">Ver Perfil<\/span>\n\t\t\t\t\t<\/span>\n\t\t\t\t\t<\/a>\n\t\t\t\t<\/div>\n\t\t\t\t\t\t\t\t<\/div>\n\t\t\t\t<\/div>\n\t\t\t\t<\/div>\n\t\t<div class=\"elementor-element elementor-element-f1e26c3 e-con-full e-transform elementor-hidden-desktop elementor-hidden-laptop elementor-hidden-tablet elementor-hidden-mobile e-flex e-con e-child\" data-id=\"f1e26c3\" data-element_type=\"container\" data-settings=\"{&quot;_transform_scale_effect_hover&quot;:{&quot;unit&quot;:&quot;px&quot;,&quot;size&quot;:1.05,&quot;sizes&quot;:[]},&quot;_transform_scale_effect_hover_laptop&quot;:{&quot;unit&quot;:&quot;px&quot;,&quot;size&quot;:&quot;&quot;,&quot;sizes&quot;:[]},&quot;_transform_scale_effect_hover_tablet&quot;:{&quot;unit&quot;:&quot;px&quot;,&quot;size&quot;:&quot;&quot;,&quot;sizes&quot;:[]},&quot;_transform_scale_effect_hover_mobile&quot;:{&quot;unit&quot;:&quot;px&quot;,&quot;size&quot;:&quot;&quot;,&quot;sizes&quot;:[]}}\">\n\t\t\t\t<div class=\"elementor-element elementor-element-ba64348 elementor-widget elementor-widget-image\" data-id=\"ba64348\" data-element_type=\"widget\" data-widget_type=\"image.default\">\n\t\t\t\t<div class=\"elementor-widget-container\">\n\t\t\t\t\t\t\t\t\t\t\t\t\t\t\t<img loading=\"lazy\" decoding=\"async\" width=\"790\" height=\"768\" src=\"https:\/\/www.aeeconsulting-ec.com\/wp-content\/uploads\/2025\/03\/DU-1024x995.png\" class=\"attachment-large size-large wp-image-35575\" alt=\"\" srcset=\"https:\/\/www.aeeconsulting-ec.com\/wp-content\/uploads\/2025\/03\/DU-1024x995.png 1024w, https:\/\/www.aeeconsulting-ec.com\/wp-content\/uploads\/2025\/03\/DU-300x292.png 300w, https:\/\/www.aeeconsulting-ec.com\/wp-content\/uploads\/2025\/03\/DU-768x746.png 768w, https:\/\/www.aeeconsulting-ec.com\/wp-content\/uploads\/2025\/03\/DU.png 1031w\" sizes=\"(max-width: 790px) 100vw, 790px\" \/>\t\t\t\t\t\t\t\t\t\t\t\t\t\t\t<\/div>\n\t\t\t\t<\/div>\n\t\t\t\t<div class=\"elementor-element elementor-element-7331f2d elementor-widget elementor-widget-heading\" data-id=\"7331f2d\" data-element_type=\"widget\" data-widget_type=\"heading.default\">\n\t\t\t\t<div class=\"elementor-widget-container\">\n\t\t\t\t\t<h2 class=\"elementor-heading-title elementor-size-default\">David Urquizo Tapia<\/h2>\t\t\t\t<\/div>\n\t\t\t\t<\/div>\n\t\t\t\t<div class=\"elementor-element elementor-element-2fe7c31 elementor-widget elementor-widget-text-editor\" data-id=\"2fe7c31\" data-element_type=\"widget\" data-widget_type=\"text-editor.default\">\n\t\t\t\t<div class=\"elementor-widget-container\">\n\t\t\t\t\t\t\t\t\t<p>Experto en gesti\u00f3n de proyectos, contrataci\u00f3n p\u00fablica y desarrollo organizacional, con una trayectoria destacada en la administraci\u00f3n p\u00fablica y el sector privado. Su enfoque estrat\u00e9gico y su capacidad para optimizar procesos lo han convertido en un referente en la ejecuci\u00f3n de proyectos de alto impacto.<\/p><p>\u00a0<\/p>\t\t\t\t\t\t\t\t<\/div>\n\t\t\t\t<\/div>\n\t\t\t\t<div class=\"elementor-element elementor-element-93e0ae5 elementor-align-center elementor-widget elementor-widget-button\" data-id=\"93e0ae5\" data-element_type=\"widget\" data-widget_type=\"button.default\">\n\t\t\t\t<div class=\"elementor-widget-container\">\n\t\t\t\t\t\t\t\t\t<div class=\"elementor-button-wrapper\">\n\t\t\t\t\t<a class=\"elementor-button elementor-button-link elementor-size-sm\" href=\"https:\/\/www.aeeconsulting-ec.com\/?p=35496\">\n\t\t\t\t\t\t<span class=\"elementor-button-content-wrapper\">\n\t\t\t\t\t\t\t\t\t<span class=\"elementor-button-text\">Ver Perfil<\/span>\n\t\t\t\t\t<\/span>\n\t\t\t\t\t<\/a>\n\t\t\t\t<\/div>\n\t\t\t\t\t\t\t\t<\/div>\n\t\t\t\t<\/div>\n\t\t\t\t<\/div>\n\t\t\t\t<\/div>\n\t\t\t\t\t<\/div>\n\t\t\t\t<\/div>\n\t\t\t\t<\/div>\n\t\t","protected":false},"excerpt":{"rendered":"<p>Nuestro equipo Somos un equipo de profesionales comprometidos con la excelencia, la innovaci\u00f3n y el servicio. Transformamos desaf\u00edos en soluciones &hellip; <\/p>\n","protected":false},"author":1,"featured_media":0,"parent":0,"menu_order":0,"comment_status":"closed","ping_status":"closed","template":"elementor_header_footer","meta":{"_coachify_sidebar_layout":"","footnotes":""},"class_list":["post-35289","page","type-page","status-publish","hentry","image-hover-transition-effect"],"_links":{"self":[{"href":"https:\/\/www.aeeconsulting-ec.com\/index.php?rest_route=\/wp\/v2\/pages\/35289","targetHints":{"allow":["GET"]}}],"collection":[{"href":"https:\/\/www.aeeconsulting-ec.com\/index.php?rest_route=\/wp\/v2\/pages"}],"about":[{"href":"https:\/\/www.aeeconsulting-ec.com\/index.php?rest_route=\/wp\/v2\/types\/page"}],"author":[{"embeddable":true,"href":"https:\/\/www.aeeconsulting-ec.com\/index.php?rest_route=\/wp\/v2\/users\/1"}],"replies":[{"embeddable":true,"href":"https:\/\/www.aeeconsulting-ec.com\/index.php?rest_route=%2Fwp%2Fv2%2Fcomments&post=35289"}],"version-history":[{"count":208,"href":"https:\/\/www.aeeconsulting-ec.com\/index.php?rest_route=\/wp\/v2\/pages\/35289\/revisions"}],"predecessor-version":[{"id":36848,"href":"https:\/\/www.aeeconsulting-ec.com\/index.php?rest_route=\/wp\/v2\/pages\/35289\/revisions\/36848"}],"wp:attachment":[{"href":"https:\/\/www.aeeconsulting-ec.com\/index.php?rest_route=%2Fwp%2Fv2%2Fmedia&parent=35289"}],"curies":[{"name":"wp","href":"https:\/\/api.w.org\/{rel}","templated":true}]}}